{"id":1421,"date":"2024-05-06T14:38:58","date_gmt":"2024-05-06T18:38:58","guid":{"rendered":"https:\/\/etudeshawinigan.com\/conditions-dutilisation-et-politique-de-confidentialite\/"},"modified":"2024-05-24T18:15:22","modified_gmt":"2024-05-24T22:15:22","slug":"terms-of-use-and-privacy-policy","status":"publish","type":"page","link":"https:\/\/etudeshawinigan.com\/en\/terms-of-use-and-privacy-policy\/","title":{"rendered":"Terms of Use and Privacy Policy"},"content":{"rendered":"\t\t<div data-elementor-type=\"wp-page\" data-elementor-id=\"1421\" class=\"elementor elementor-1421 elementor-1395\" data-elementor-post-type=\"page\">\n\t\t\t\t<div class=\"elementor-element elementor-element-702fa4a e-flex e-con-boxed e-con e-parent\" data-id=\"702fa4a\" data-element_type=\"container\" data-e-type=\"container\" data-settings=\"{&quot;background_background&quot;:&quot;classic&quot;}\">\n\t\t\t\t\t<div class=\"e-con-inner\">\n\t\t\t\t<div class=\"elementor-element elementor-element-711fc90 elementor-widget elementor-widget-heading\" data-id=\"711fc90\" data-element_type=\"widget\" data-e-type=\"widget\" data-widget_type=\"heading.default\">\n\t\t\t\t<div class=\"elementor-widget-container\">\n\t\t\t\t\t<h1 class=\"elementor-heading-title elementor-size-default\">Terms of Use and Privacy Policy<\/h1>\t\t\t\t<\/div>\n\t\t\t\t<\/div>\n\t\t\t\t\t<\/div>\n\t\t\t\t<\/div>\n\t\t<div class=\"elementor-element elementor-element-3a9f068 e-flex e-con-boxed e-con e-parent\" data-id=\"3a9f068\" data-element_type=\"container\" data-e-type=\"container\">\n\t\t\t\t\t<div class=\"e-con-inner\">\n\t\t<div class=\"elementor-element elementor-element-01b4235 e-flex e-con-boxed e-con e-child\" data-id=\"01b4235\" data-element_type=\"container\" data-e-type=\"container\" data-settings=\"{&quot;background_background&quot;:&quot;classic&quot;}\">\n\t\t\t\t\t<div class=\"e-con-inner\">\n\t\t<div class=\"elementor-element elementor-element-67acafe e-con-full e-flex e-con e-child\" data-id=\"67acafe\" data-element_type=\"container\" data-e-type=\"container\">\n\t\t\t\t<div class=\"elementor-element elementor-element-cdf9cef elementor-widget elementor-widget-text-editor\" data-id=\"cdf9cef\" data-element_type=\"widget\" data-e-type=\"widget\" data-widget_type=\"text-editor.default\">\n\t\t\t\t<div class=\"elementor-widget-container\">\n\t\t\t\t\t\t\t\t\t<p>No one really wants to read all of this, yet do you know that by accessing and using our website and services, you agree to be bound by these terms and conditions in their entirety? So please take a moment to read the following carefully.<\/p>\t\t\t\t\t\t\t\t<\/div>\n\t\t\t\t<\/div>\n\t\t\t\t<div class=\"elementor-element elementor-element-cd59f90 elementor-widget elementor-widget-heading\" data-id=\"cd59f90\" data-element_type=\"widget\" data-e-type=\"widget\" data-widget_type=\"heading.default\">\n\t\t\t\t<div class=\"elementor-widget-container\">\n\t\t\t\t\t<h2 class=\"elementor-heading-title elementor-size-default\">Terms of Use<\/h2>\t\t\t\t<\/div>\n\t\t\t\t<\/div>\n\t\t\t\t<div class=\"elementor-element elementor-element-baaca85 elementor-widget elementor-widget-text-editor\" data-id=\"baaca85\" data-element_type=\"widget\" data-e-type=\"widget\" data-widget_type=\"text-editor.default\">\n\t\t\t\t<div class=\"elementor-widget-container\">\n\t\t\t\t\t\t\t\t\t<p>We welcome you to our website. Please read these terms and conditions before using the website or the services it offers. By accessing and using the website or the services, you agree to be bound by these Terms and Conditions in their entirety. Specifically, by submitting personal information to us, the user is deemed to have consented to the use and disclosure of such data for the purposes and by the means described herein. If you do not agree to these terms of use, you must not access the website, use its services and features, or download any of its content.<\/p><h3><span style=\"color: #1a2d59;\">COOKIES<\/span><\/h3><p>This website uses cookies to enhance your experience when browsing the website. Among these, cookies categorized as necessary are stored on your browser because they are essential to the operation of the website&#8217;s features. We also use third party cookies to help us analyze and understand how you use this website. Functional cookies help perform certain functions, such as sharing website content on social media platforms, collecting feedback and other third-party features. Performance cookies are used to understand and analyze key performance indicators of the website, thereby providing a better user experience for visitors. Analytical cookies are used to understand how visitors interact with the website. These cookies help provide information on visitor metrics, engagement rates, source of traffic, etc. Advertising cookies are used to provide visitors with relevant ads and marketing campaigns. These cookies track visitors to websites and collect information to provide personalized ads.<\/p><h3><span style=\"color: #1a2d59;\">WHAT ARE COOKIES?<\/span><\/h3><p>Cookies are text files that are used to store pieces of information. They are stored on your device when the website is loaded on your browser. These cookies help us to make the website work properly, to make it more secure, and to provide a better user experience.<\/p><h3><span style=\"color: #1a2d59;\">HOW DO WE USE COOKIES?<\/span><\/h3><p>Like most online services, our website uses first-party and third-party cookies for several purposes. First-party cookies are primarily necessary for the proper functioning of the website and do not collect any of your personally identifiable information. Third-party cookies used on our website are primarily used to understand how the website operates, how you interact with our website, to ensure the security of our services, to provide advertisements that are relevant to you and, in the aggregate, to provide you with a better and improved user experience and to expedite your future interactions with our website.<\/p><h3><span style=\"color: #1a2d59;\">WHAT TYPES OF COOKIES DO WE USE?<\/span><\/h3><p><strong>Essential<\/strong>: Some cookies are essential for you to benefit from all the features of our website. They allow us to maintain user sessions and prevent security threats. They do not collect or store any personal information. For example, these cookies allow you to log into your account, add products to your shopping cart and check out safely.<\/p><p><strong>Statistics<\/strong>: These cookies store information, such as the number of visitors to the website, the number of unique visitors, the pages of the website visited, the source of the visit, etc. This data helps us to understand and analyze the performance of the website and where we can improve. This data helps us to understand and analyze the performance of the website and areas for improvement.<\/p><p><strong>Functional<\/strong>: These are cookies that assist with certain non-essential features of our website. These features include embedding content, such as videos or sharing website content on social media platforms.<\/p><p><strong>Preferences<\/strong>: These cookies help us keep track of your navigation settings and preferences, such as language preferences, in order to provide you with a better and more efficient experience the next time you visit the website.<\/p><h3><span style=\"color: #1a2d59;\">HYPERLINKS<\/span><\/h3><p>Our website may provide you with links to other websites or services that are owned and operated by third parties and not affiliated with our company. Please understand that the websites linked to our website are independent and may also collect your personal information or cookie information. We cannot be responsible for how these third parties collect, use or disclose your personal information, nor can we guarantee or make any representations regarding the accuracy, timeliness and\/or completeness of the information contained on these external websites.<\/p><h3><span style=\"color: #1a2d59;\">ACCURACY OF INFORMATION<\/span><\/h3><p>While we take all reasonable steps to ensure the accuracy of the information on this website, we cannot guarantee that the information or material on this website is current, accurate, error-free or complete. We will not be liable for any errors or omissions in the content of this website, including information relating to product descriptions, prices and availability (online shop). We reserve the right to correct, amend or update the information posted on this website at any time without notice. For online shops, the only recourse you have with respect to a purchase made through our website is to return it for a full or partial refund as outlined in the return policy.<\/p><h3><span style=\"color: #1a2d59;\">DISCLAIMER \/ LIMITATION OF LIABILITY<\/span><\/h3><p>Although we do our best to update and maintain the content of the website, errors and\/or omissions may occur. Accordingly, this website, including the content and services provided, is provided to you &#8220;as is&#8221; and without warranties of any kind, either express or implied. We cannot guarantee that the functions of the website will be uninterrupted, free of errors, viruses or other harmful components.<\/p><p>Under no circumstances shall we be liable for any direct, indirect, incidental, special or consequential damages arising out of or in connection with the use of the website or the content or services or the inability to use them.<\/p>\t\t\t\t\t\t\t\t<\/div>\n\t\t\t\t<\/div>\n\t\t\t\t<div class=\"elementor-element elementor-element-62fea60 elementor-widget elementor-widget-heading\" data-id=\"62fea60\" data-element_type=\"widget\" data-e-type=\"widget\" data-widget_type=\"heading.default\">\n\t\t\t\t<div class=\"elementor-widget-container\">\n\t\t\t\t\t<h2 class=\"elementor-heading-title elementor-size-default\">Privacy and Protection of Personal Information Policy<\/h2>\t\t\t\t<\/div>\n\t\t\t\t<\/div>\n\t\t\t\t<div class=\"elementor-element elementor-element-352bf1e elementor-widget elementor-widget-text-editor\" data-id=\"352bf1e\" data-element_type=\"widget\" data-e-type=\"widget\" data-widget_type=\"text-editor.default\">\n\t\t\t\t<div class=\"elementor-widget-container\">\n\t\t\t\t\t\t\t\t\t<h3><span style=\"color: #1a2d59;\">DEFINITION OF PERSONAL INFORMATION<\/span><\/h3><p>Personal information does not include business contact information, such as your name, title, business address or telephone number.<\/p><h3><span style=\"color: #1a2d59;\">INTERNAL GOVERNANCE PLAN<\/span><\/h3><p>An internal committee oversees the retention, protection and destruction of personal information in accordance with a governance plan. Personal information that is no longer required will be destroyed gradually, while respecting operational requirements.<\/p><h3><span style=\"color: #1a2d59;\">COLLECTION AND USE OF PERSONAL INFORMATION<\/span><\/h3><p>We undertake to collect only the personal information of our employees, suppliers, customers and other collaborators necessary for the performance of our professional activities. Here are the details:<\/p><ul><li>First and last name<\/li><li>Telephone<\/li><li>Street address<\/li><li>Email<\/li><li>Other information essential to job retention (employees) and company operations (suppliers and customers).<\/li><\/ul><p>No personal information will be disclosed outside our organization and its activities. Please note that we do not use any biometric techniques.<\/p><h3><span style=\"color: #1a2d59;\">SECURITY MEASURES<\/span><\/h3><p>We take all technological and human measures within our means to protect personal information against unauthorized use or external disclosure. Our employees are required to respect the confidentiality of the personal information we hold.<\/p><h3><span style=\"color: #1a2d59;\">CONSENT<\/span><\/h3><p>No information is collected without your consent. Please note that you automatically give your consent when using our online services. You can always withdraw your consent. To do so, simply contact us.<\/p><h3><span style=\"color: #1a2d59;\">ACCESS TO PERSONAL DATA<\/span><\/h3><p>You have a right of access to your personal data held by our organization. We invite you to contact our Privacy Officer in order to find out about its content, verify its accuracy, request modifications or deletion.<\/p><h3><span style=\"color: #1a2d59;\">COMPLAINT RESOLUTION<\/span><\/h3><p>If you have a complaint, please contact us. We will deal with it as soon as possible.<\/p><h3><span style=\"color: #1a2d59;\">SECURITY INCIDENT MANAGEMENT<\/span><\/h3><p>In the event of a security incident involving personal information, we will take all necessary action in accordance with the privacy incident log.<\/p><h3><span style=\"color: #1a2d59;\">CHANGES TO OUR TERMS OF USE OR POLICIES<\/span><\/h3><p>If we make any changes to our terms of use and privacy policy, the changes will be posted on our website, and we will indicate the date of the update at the bottom of this page. We recommend that you check this page regularly by referring to the date at the bottom of this page.<\/p><h3><span style=\"color: #1a2d59;\">PRIVACY OFFICER<\/span><\/h3><p>If you have any questions or wish to have your personal information amended or deleted, please contact our Privacy Officer:<\/p><p>Name of the person: <strong>Jean-Ren\u00e9 Philibert<\/strong><br \/>Title or function: <strong>Director<\/strong><br \/>Telephone: <strong>819 539-3915<\/strong><br \/>Email: <strong>location@etudeshawinigan.com<\/strong><\/p><p>Last update: September 22, 2023<\/p>\t\t\t\t\t\t\t\t<\/div>\n\t\t\t\t<\/div>\n\t\t\t\t<\/div>\n\t\t\t\t\t<\/div>\n\t\t\t\t<\/div>\n\t\t\t\t\t<\/div>\n\t\t\t\t<\/div>\n\t\t\t\t<\/div>\n\t\t","protected":false},"excerpt":{"rendered":"<p>No one really wants to read all of this, yet do you know that by accessing and using our website [&hellip;]<\/p>\n","protected":false},"author":1,"featured_media":0,"parent":0,"menu_order":0,"comment_status":"closed","ping_status":"closed","template":"","meta":{"_acf_changed":false,"site-sidebar-layout":"no-sidebar","site-content-layout":"","ast-site-content-layout":"full-width-container","site-content-style":"default","site-sidebar-style":"default","ast-global-header-display":"","ast-banner-title-visibility":"","ast-main-header-display":"","ast-hfb-above-header-display":"","ast-hfb-below-header-display":"","ast-hfb-mobile-header-display":"","site-post-title":"disabled","ast-breadcrumbs-content":"","ast-featured-img":"disabled","footer-sml-layout":"","ast-disable-related-posts":"","theme-transparent-header-meta":"","adv-header-id-meta":"","stick-header-meta":"","header-above-stick-meta":"","header-main-stick-meta":"","header-below-stick-meta":"","astra-migrate-meta-layouts":"default","ast-page-background-enabled":"default","ast-page-background-meta":{"desktop":{"background-color":"var(--ast-global-color-4)","background-image":"","background-repeat":"repeat","background-position":"center center","background-size":"auto","background-attachment":"scroll","background-type":"","background-media":"","overlay-type":"","overlay-color":"","overlay-opacity":"","overlay-gradient":""},"tablet":{"background-color":"","background-image":"","background-repeat":"repeat","background-position":"center center","background-size":"auto","background-attachment":"scroll","background-type":"","background-media":"","overlay-type":"","overlay-color":"","overlay-opacity":"","overlay-gradient":""},"mobile":{"background-color":"","background-image":"","background-repeat":"repeat","background-position":"center center","background-size":"auto","background-attachment":"scroll","background-type":"","background-media":"","overlay-type":"","overlay-color":"","overlay-opacity":"","overlay-gradient":""}},"ast-content-background-meta":{"desktop":{"background-color":"var(--ast-global-color-5)","background-image":"","background-repeat":"repeat","background-position":"center center","background-size":"auto","background-attachment":"scroll","background-type":"","background-media":"","overlay-type":"","overlay-color":"","overlay-opacity":"","overlay-gradient":""},"tablet":{"background-color":"var(--ast-global-color-5)","background-image":"","background-repeat":"repeat","background-position":"center center","background-size":"auto","background-attachment":"scroll","background-type":"","background-media":"","overlay-type":"","overlay-color":"","overlay-opacity":"","overlay-gradient":""},"mobile":{"background-color":"var(--ast-global-color-5)","background-image":"","background-repeat":"repeat","background-position":"center center","background-size":"auto","background-attachment":"scroll","background-type":"","background-media":"","overlay-type":"","overlay-color":"","overlay-opacity":"","overlay-gradient":""}},"footnotes":""},"class_list":["post-1421","page","type-page","status-publish","hentry"],"acf":[],"yoast_head":"<!-- This site is optimized with the Yoast SEO plugin v27.5 - https:\/\/yoast.com\/product\/yoast-seo-wordpress\/ -->\n<title>Terms of Use and Privacy Policy - Shawinigan Student Residences<\/title>\n<meta name=\"description\" content=\"By accessing and using the website or the services, you agree to be bound by these Terms and Conditions in their entirety.\" \/>\n<meta name=\"robots\" content=\"index, follow, max-snippet:-1, max-image-preview:large, max-video-preview:-1\" \/>\n<link rel=\"canonical\" href=\"https:\/\/etudeshawinigan.com\/en\/terms-of-use-and-privacy-policy\/\" \/>\n<meta property=\"og:locale\" content=\"en_US\" \/>\n<meta property=\"og:type\" content=\"article\" \/>\n<meta property=\"og:title\" content=\"Terms of Use and Privacy Policy - Shawinigan Student Residences\" \/>\n<meta property=\"og:description\" content=\"By accessing and using the website or the services, you agree to be bound by these Terms and Conditions in their entirety.\" \/>\n<meta property=\"og:url\" content=\"https:\/\/etudeshawinigan.com\/en\/terms-of-use-and-privacy-policy\/\" \/>\n<meta property=\"og:site_name\" content=\"Shawinigan Student Residences\" \/>\n<meta property=\"article:modified_time\" content=\"2024-05-24T22:15:22+00:00\" \/>\n<meta property=\"og:image\" content=\"https:\/\/etudeshawinigan.com\/wp-content\/uploads\/2024\/03\/Residences-Etudiantes-Shawinigan.jpg\" \/>\n\t<meta property=\"og:image:width\" content=\"1200\" \/>\n\t<meta property=\"og:image:height\" content=\"630\" \/>\n\t<meta property=\"og:image:type\" content=\"image\/jpeg\" \/>\n<meta name=\"twitter:card\" content=\"summary_large_image\" \/>\n<meta name=\"twitter:label1\" content=\"Est. reading time\" \/>\n\t<meta name=\"twitter:data1\" content=\"7 minutes\" \/>\n<script type=\"application\/ld+json\" class=\"yoast-schema-graph\">{\"@context\":\"https:\\\/\\\/schema.org\",\"@graph\":[{\"@type\":\"WebPage\",\"@id\":\"https:\\\/\\\/etudeshawinigan.com\\\/en\\\/terms-of-use-and-privacy-policy\\\/\",\"url\":\"https:\\\/\\\/etudeshawinigan.com\\\/en\\\/terms-of-use-and-privacy-policy\\\/\",\"name\":\"Terms of Use and Privacy Policy - Shawinigan Student Residences\",\"isPartOf\":{\"@id\":\"https:\\\/\\\/etudeshawinigan.com\\\/#website\"},\"datePublished\":\"2024-05-06T18:38:58+00:00\",\"dateModified\":\"2024-05-24T22:15:22+00:00\",\"description\":\"By accessing and using the website or the services, you agree to be bound by these Terms and Conditions in their entirety.\",\"breadcrumb\":{\"@id\":\"https:\\\/\\\/etudeshawinigan.com\\\/en\\\/terms-of-use-and-privacy-policy\\\/#breadcrumb\"},\"inLanguage\":\"en-US\",\"potentialAction\":[{\"@type\":\"ReadAction\",\"target\":[\"https:\\\/\\\/etudeshawinigan.com\\\/en\\\/terms-of-use-and-privacy-policy\\\/\"]}]},{\"@type\":\"BreadcrumbList\",\"@id\":\"https:\\\/\\\/etudeshawinigan.com\\\/en\\\/terms-of-use-and-privacy-policy\\\/#breadcrumb\",\"itemListElement\":[{\"@type\":\"ListItem\",\"position\":1,\"name\":\"Accueil\",\"item\":\"https:\\\/\\\/etudeshawinigan.com\\\/en\\\/\"},{\"@type\":\"ListItem\",\"position\":2,\"name\":\"Terms of Use and Privacy Policy\"}]},{\"@type\":\"WebSite\",\"@id\":\"https:\\\/\\\/etudeshawinigan.com\\\/#website\",\"url\":\"https:\\\/\\\/etudeshawinigan.com\\\/\",\"name\":\"Shawinigan Student Residences\",\"description\":\"R\u00e9sidences \u00e9tudiantes situ\u00e9es \u00e0 moins de 2 km du C\u00e9gep de Shawinigan\",\"potentialAction\":[{\"@type\":\"SearchAction\",\"target\":{\"@type\":\"EntryPoint\",\"urlTemplate\":\"https:\\\/\\\/etudeshawinigan.com\\\/?s={search_term_string}\"},\"query-input\":{\"@type\":\"PropertyValueSpecification\",\"valueRequired\":true,\"valueName\":\"search_term_string\"}}],\"inLanguage\":\"en-US\"}]}<\/script>\n<!-- \/ Yoast SEO plugin. -->","yoast_head_json":{"title":"Terms of Use and Privacy Policy - Shawinigan Student Residences","description":"By accessing and using the website or the services, you agree to be bound by these Terms and Conditions in their entirety.","robots":{"index":"index","follow":"follow","max-snippet":"max-snippet:-1","max-image-preview":"max-image-preview:large","max-video-preview":"max-video-preview:-1"},"canonical":"https:\/\/etudeshawinigan.com\/en\/terms-of-use-and-privacy-policy\/","og_locale":"en_US","og_type":"article","og_title":"Terms of Use and Privacy Policy - Shawinigan Student Residences","og_description":"By accessing and using the website or the services, you agree to be bound by these Terms and Conditions in their entirety.","og_url":"https:\/\/etudeshawinigan.com\/en\/terms-of-use-and-privacy-policy\/","og_site_name":"Shawinigan Student Residences","article_modified_time":"2024-05-24T22:15:22+00:00","og_image":[{"width":1200,"height":630,"url":"https:\/\/etudeshawinigan.com\/wp-content\/uploads\/2024\/03\/Residences-Etudiantes-Shawinigan.jpg","type":"image\/jpeg"}],"twitter_card":"summary_large_image","twitter_misc":{"Est. reading time":"7 minutes"},"schema":{"@context":"https:\/\/schema.org","@graph":[{"@type":"WebPage","@id":"https:\/\/etudeshawinigan.com\/en\/terms-of-use-and-privacy-policy\/","url":"https:\/\/etudeshawinigan.com\/en\/terms-of-use-and-privacy-policy\/","name":"Terms of Use and Privacy Policy - Shawinigan Student Residences","isPartOf":{"@id":"https:\/\/etudeshawinigan.com\/#website"},"datePublished":"2024-05-06T18:38:58+00:00","dateModified":"2024-05-24T22:15:22+00:00","description":"By accessing and using the website or the services, you agree to be bound by these Terms and Conditions in their entirety.","breadcrumb":{"@id":"https:\/\/etudeshawinigan.com\/en\/terms-of-use-and-privacy-policy\/#breadcrumb"},"inLanguage":"en-US","potentialAction":[{"@type":"ReadAction","target":["https:\/\/etudeshawinigan.com\/en\/terms-of-use-and-privacy-policy\/"]}]},{"@type":"BreadcrumbList","@id":"https:\/\/etudeshawinigan.com\/en\/terms-of-use-and-privacy-policy\/#breadcrumb","itemListElement":[{"@type":"ListItem","position":1,"name":"Accueil","item":"https:\/\/etudeshawinigan.com\/en\/"},{"@type":"ListItem","position":2,"name":"Terms of Use and Privacy Policy"}]},{"@type":"WebSite","@id":"https:\/\/etudeshawinigan.com\/#website","url":"https:\/\/etudeshawinigan.com\/","name":"Shawinigan Student Residences","description":"R\u00e9sidences \u00e9tudiantes situ\u00e9es \u00e0 moins de 2 km du C\u00e9gep de Shawinigan","potentialAction":[{"@type":"SearchAction","target":{"@type":"EntryPoint","urlTemplate":"https:\/\/etudeshawinigan.com\/?s={search_term_string}"},"query-input":{"@type":"PropertyValueSpecification","valueRequired":true,"valueName":"search_term_string"}}],"inLanguage":"en-US"}]}},"_links":{"self":[{"href":"https:\/\/etudeshawinigan.com\/en\/wp-json\/wp\/v2\/pages\/1421","targetHints":{"allow":["GET"]}}],"collection":[{"href":"https:\/\/etudeshawinigan.com\/en\/wp-json\/wp\/v2\/pages"}],"about":[{"href":"https:\/\/etudeshawinigan.com\/en\/wp-json\/wp\/v2\/types\/page"}],"author":[{"embeddable":true,"href":"https:\/\/etudeshawinigan.com\/en\/wp-json\/wp\/v2\/users\/1"}],"replies":[{"embeddable":true,"href":"https:\/\/etudeshawinigan.com\/en\/wp-json\/wp\/v2\/comments?post=1421"}],"version-history":[{"count":24,"href":"https:\/\/etudeshawinigan.com\/en\/wp-json\/wp\/v2\/pages\/1421\/revisions"}],"predecessor-version":[{"id":1532,"href":"https:\/\/etudeshawinigan.com\/en\/wp-json\/wp\/v2\/pages\/1421\/revisions\/1532"}],"wp:attachment":[{"href":"https:\/\/etudeshawinigan.com\/en\/wp-json\/wp\/v2\/media?parent=1421"}],"curies":[{"name":"wp","href":"https:\/\/api.w.org\/{rel}","templated":true}]}}